{"id":8,"date":"2020-04-03T15:19:11","date_gmt":"2020-04-03T15:19:11","guid":{"rendered":"http:\/\/redaktionkraus.de\/?page_id=8"},"modified":"2022-01-09T20:21:12","modified_gmt":"2022-01-09T20:21:12","slug":"redaktionsbuero-kraus","status":"publish","type":"page","link":"http:\/\/redaktionkraus.de\/","title":{"rendered":"Redaktionsb\u00fcro KRAUS"},"content":{"rendered":"\n<p><\/p>\n\n\n\n<p><\/p>\n\n\n\n<p>Partner f\u00fcr&nbsp;<\/p>\n\n\n\n<p>Redaktionen<\/p>\n\n\n\n<p>Pressestellen<\/p>\n\n\n\n<p><em>aktuell<\/em><\/p>\n\n\n\n<p><em>#<\/em><\/p>\n\n\n\n<p><em>recherchestark<\/em><\/p>\n\n\n\n<p><em>#<\/em><\/p>\n\n\n\n<p><em>zuverl\u00e4ssig<\/em><\/p>\n\n\n\n<p><em>#<\/em><\/p>\n\n\n\n<p><em>ressort\u00fcbergreifend<\/em><\/p>\n\n\n\n<p>kontakt: thomas kraus galvanistr. 17 10687 berlin<\/p>\n\n\n\n<p>015773732528<\/p>\n\n\n\n<p><a href=\"mailto:redaktion@redaktionkraus.de\">redaktion@redaktionkraus.de<\/a><\/p>\n\n\n\n<p><\/p>\n\n\n\n<p><a href=\"http:\/\/redaktionkraus.de\/?page_id=15\">IMPRESSUM<\/a><\/p>\n\n\n\n<p><\/p>\n\n\n\n<p><a href=\"http:\/\/redaktionkraus.de\/?page_id=17(\u00f6ffnet in neuem Tab)\">DISCLAIMER<\/a><\/p>\n","protected":false},"excerpt":{"rendered":"<p>Partner f\u00fcr&nbsp; Redaktionen Pressestellen aktuell # recherchestark # zuverl\u00e4ssig # ressort\u00fcbergreifend kontakt: thomas kraus galvanistr. 17 10687 berlin 015773732528 redaktion@redaktionkraus.de IMPRESSUM DISCLAIMER<\/p>\n","protected":false},"author":1,"featured_media":0,"parent":0,"menu_order":0,"comment_status":"closed","ping_status":"closed","template":"","meta":[],"_links":{"self":[{"href":"http:\/\/redaktionkraus.de\/index.php?rest_route=\/wp\/v2\/pages\/8"}],"collection":[{"href":"http:\/\/redaktionkraus.de\/index.php?rest_route=\/wp\/v2\/pages"}],"about":[{"href":"http:\/\/redaktionkraus.de\/index.php?rest_route=\/wp\/v2\/types\/page"}],"author":[{"embeddable":true,"href":"http:\/\/redaktionkraus.de\/index.php?rest_route=\/wp\/v2\/users\/1"}],"replies":[{"embeddable":true,"href":"http:\/\/redaktionkraus.de\/index.php?rest_route=%2Fwp%2Fv2%2Fcomments&post=8"}],"version-history":[{"count":4,"href":"http:\/\/redaktionkraus.de\/index.php?rest_route=\/wp\/v2\/pages\/8\/revisions"}],"predecessor-version":[{"id":29,"href":"http:\/\/redaktionkraus.de\/index.php?rest_route=\/wp\/v2\/pages\/8\/revisions\/29"}],"wp:attachment":[{"href":"http:\/\/redaktionkraus.de\/index.php?rest_route=%2Fwp%2Fv2%2Fmedia&parent=8"}],"curies":[{"name":"wp","href":"https:\/\/api.w.org\/{rel}","templated":true}]}}